{"id":74,"date":"2014-08-08T21:08:15","date_gmt":"2014-08-08T18:08:15","guid":{"rendered":"http:\/\/yedek.ahmetkaracalar.com\/?page_id=74"},"modified":"2026-04-17T20:40:53","modified_gmt":"2026-04-17T17:40:53","slug":"kontakt","status":"publish","type":"page","link":"https:\/\/ahmetkaracalar.com\/de\/iletisim\/","title":{"rendered":"Kontakt und Terminvereinbarung"},"content":{"rendered":"<div data-elementor-type=\"wp-page\" data-elementor-id=\"74\" class=\"elementor elementor-74\" data-elementor-post-type=\"page\">\n\t\t\t\t<div class=\"elementor-element elementor-element-bb9c5a5 e-flex e-con-boxed e-con e-parent\" data-id=\"bb9c5a5\" data-element_type=\"container\" data-e-type=\"container\">\n\t\t\t\t\t<div class=\"e-con-inner\">\n\t\t\t\t<div class=\"elementor-element elementor-element-74ac591 elementor-widget elementor-widget-text-editor\" data-id=\"74ac591\" data-element_type=\"widget\" data-e-type=\"widget\" data-widget_type=\"text-editor.default\">\n\t\t\t\t\t\t\t\t\t<div class=\"basit-html-alani\"><p>\ud83d\udcde Telefon: <strong>0 (530) 293 44 84<\/strong><\/p><p>\ud83d\udcac WhatsApp: <strong><a href=\"https:\/\/wa.me\/905302934484?text=Merhaba,%20randevu%20ve%20tedavi%20hakk\u0131nda%20bilgi%20almak%20istiyorum.\" target=\"_blank\" rel=\"noopener\">Klicken Sie hier, um eine Nachricht zu senden<\/a><\/strong><\/p><p>\ud83d\udce7 E-Mail: <strong><a href=\"mailto:drkaracalar@gmail.com\">drkaracalar@gmail.com<\/a><\/strong><\/p><p>\ud83d\udccd Adresse: <strong>Barbaros Mah. Ak Zambak Sok. Varyap Meridian A Blok, Ata\u015fehir \/ ISTANBUL<\/strong><\/p><p>\u00a0<\/p><h3>Krankenh\u00e4user, die Sie f\u00fcr eine Operation w\u00e4hlen k\u00f6nnen<\/h3><ul><li>Ac\u0131badem Krankenhaus (Ata\u015fehir)<\/li><\/ul><div class=\"vurgu-kutusu\"><h3>Wichtige Informationen und Kommunikationspolitik<\/h3><ul><li>F\u00fcr eine schnelle R\u00fcckmeldung und effiziente Kommunikation ist es unsere erste Wahl, eine WhatsApp-Nachricht an unsere Assistentenleitung zu senden. Ihre Nachrichten werden bewertet und so schnell wie m\u00f6glich beantwortet.<\/li><li>Sie k\u00f6nnen Informationen zu Untersuchungen und Terminen von 09:00 bis 18:00 Uhr erhalten, au\u00dfer sonntags. Au\u00dferhalb dieser Zeiten kontaktieren Sie uns bitte per E-Mail.<\/li><li>Aufgrund des vollen Programms in unseren Auslandsb\u00fcros und unseres chirurgischen Kalenders k\u00f6nnen wir leider nicht jede Operationsanfrage annehmen. Vielen Dank f\u00fcr Ihr Verst\u00e4ndnis.<\/li><\/ul><\/div><p>\u00a0<\/p><p><iframe style=\"border: 0;\" src=\"https:\/\/www.google.com\/maps\/embed?pb=!1m18!1m12!1m3!1d3011.5123456789!2d29.1005!3d40.9934!2m3!1f0!2f0!3f0!3m2!1i1024!2i768!4f13.1!3m3!1m2!1s0x0%3A0x0!2zNDDCsDU5JzM2LjIiTiAyOcKwMDYnMDEuOCJF!5e0!3m2!1str!2str!4v1234567890\" width=\"100%\" height=\"450\" allowfullscreen=\"allowfullscreen\"><\/iframe><\/p><\/div>\t\t\t\t\t\t\t\t<\/div>\n\t\t\t\t\t<\/div>\n\t\t\t\t<\/div>\n\t\t\t\t<\/div>","protected":false},"excerpt":{"rendered":"<p>\ud83d\udcde Telefon: 0 (530) 293 44 84 \ud83d\udcac WhatsApp: Mesaj G\u00f6ndermek \u0130\u00e7in T\u0131klay\u0131n \ud83d\udce7 E-Posta: drkaracalar@gmail.com \ud83d\udccd Adres: Barbaros Mah. Ak Zambak Sok. Varyap Meridian A Blok, Ata\u015fehir \/ \u0130STANBUL Operasyon \u0130\u00e7in Se\u00e7ebilece\u011finiz Hastaneler Ac\u0131badem Hastanesi (Ata\u015fehir) \u00d6nemli Bilgilendirme ve \u0130leti\u015fim Politikas\u0131 H\u0131zl\u0131 d\u00f6n\u00fc\u015f ve verimli ileti\u015fim i\u00e7in asistan hatt\u0131m\u0131za WhatsApp mesaj\u0131 g\u00f6ndermeniz ilk tercihimizdir.&hellip;<\/p>","protected":false},"author":1,"featured_media":0,"parent":0,"menu_order":0,"comment_status":"open","ping_status":"open","template":"","meta":{"footnotes":""},"class_list":["post-74","page","type-page","status-publish","hentry"],"_hostinger_reach_plugin_has_subscription_block":false,"_hostinger_reach_plugin_is_elementor":false,"_links":{"self":[{"href":"https:\/\/ahmetkaracalar.com\/de\/wp-json\/wp\/v2\/pages\/74","targetHints":{"allow":["GET"]}}],"collection":[{"href":"https:\/\/ahmetkaracalar.com\/de\/wp-json\/wp\/v2\/pages"}],"about":[{"href":"https:\/\/ahmetkaracalar.com\/de\/wp-json\/wp\/v2\/types\/page"}],"author":[{"embeddable":true,"href":"https:\/\/ahmetkaracalar.com\/de\/wp-json\/wp\/v2\/users\/1"}],"replies":[{"embeddable":true,"href":"https:\/\/ahmetkaracalar.com\/de\/wp-json\/wp\/v2\/comments?post=74"}],"version-history":[{"count":13,"href":"https:\/\/ahmetkaracalar.com\/de\/wp-json\/wp\/v2\/pages\/74\/revisions"}],"predecessor-version":[{"id":7474,"href":"https:\/\/ahmetkaracalar.com\/de\/wp-json\/wp\/v2\/pages\/74\/revisions\/7474"}],"wp:attachment":[{"href":"https:\/\/ahmetkaracalar.com\/de\/wp-json\/wp\/v2\/media?parent=74"}],"curies":[{"name":"wp","href":"https:\/\/api.w.org\/{rel}","templated":true}]}}