{"id":377,"date":"2013-06-19T01:26:47","date_gmt":"2013-06-19T01:26:47","guid":{"rendered":"http:\/\/pixelpassion.org\/demos\/wp\/news\/?page_id=367"},"modified":"2026-03-02T21:15:24","modified_gmt":"2026-03-02T18:15:24","slug":"prof-dr-ahmet-karacalar","status":"publish","type":"page","link":"https:\/\/ahmetkaracalar.com\/es\/","title":{"rendered":"Prof. Dr. Ahmet Karacalar | Cirug\u00eda Est\u00e9tica y Pl\u00e1stica Estambul"},"content":{"rendered":"<div data-elementor-type=\"wp-page\" data-elementor-id=\"377\" class=\"elementor elementor-377\" data-elementor-post-type=\"page\">\n\t\t\t\t\t\t<section class=\"elementor-section elementor-top-section elementor-element elementor-element-2744e1d elementor-section-boxed elementor-section-height-default elementor-section-height-default\" data-id=\"2744e1d\" data-element_type=\"section\" data-e-type=\"section\">\n\t\t\t\t\t\t<div class=\"elementor-container elementor-column-gap-default\">\n\t\t\t\t\t<div class=\"elementor-column elementor-col-50 elementor-top-column elementor-element elementor-element-54f7675\" data-id=\"54f7675\" data-element_type=\"column\" data-e-type=\"column\">\n\t\t\t<div class=\"elementor-widget-wrap elementor-element-populated\">\n\t\t\t\t\t\t<div class=\"elementor-element elementor-element-2825869 elementor-widget elementor-widget-image\" data-id=\"2825869\" data-element_type=\"widget\" data-e-type=\"widget\" data-widget_type=\"image.default\">\n\t\t\t\t\t\t\t\t\t\t\t\t\t\t\t<img fetchpriority=\"high\" decoding=\"async\" width=\"923\" height=\"923\" src=\"https:\/\/ahmetkaracalar.com\/wp-content\/uploads\/2025\/12\/ahmet-karacalar-1024x1024.jpg\" class=\"attachment-large size-large wp-image-5239\" alt=\"Digital signature of Ahmet Karacalar, Medical Professor\" srcset=\"https:\/\/ahmetkaracalar.com\/wp-content\/uploads\/2025\/12\/ahmet-karacalar-1024x1024.jpg 1024w, https:\/\/ahmetkaracalar.com\/wp-content\/uploads\/2025\/12\/ahmet-karacalar-300x300.jpg 300w, https:\/\/ahmetkaracalar.com\/wp-content\/uploads\/2025\/12\/ahmet-karacalar-150x150.jpg 150w, https:\/\/ahmetkaracalar.com\/wp-content\/uploads\/2025\/12\/ahmet-karacalar-768x768.jpg 768w, https:\/\/ahmetkaracalar.com\/wp-content\/uploads\/2025\/12\/ahmet-karacalar.jpg 1080w\" sizes=\"(max-width: 923px) 100vw, 923px\" title=\"\">\t\t\t\t\t\t\t\t\t\t\t\t\t\t\t<\/div>\n\t\t\t\t\t<\/div>\n\t\t<\/div>\n\t\t\t\t<div class=\"elementor-column elementor-col-50 elementor-top-column elementor-element elementor-element-fab4af6\" data-id=\"fab4af6\" data-element_type=\"column\" data-e-type=\"column\">\n\t\t\t<div class=\"elementor-widget-wrap elementor-element-populated\">\n\t\t\t\t\t\t<div class=\"elementor-element elementor-element-e2596ab elementor-widget elementor-widget-image\" data-id=\"e2596ab\" data-element_type=\"widget\" data-e-type=\"widget\" data-widget_type=\"image.default\">\n\t\t\t\t\t\t\t\t\t\t\t\t\t\t\t\t<a href=\"https:\/\/ahmetkaracalar.com\/es\/libros-del-dr-karacalar\/\">\n\t\t\t\t\t\t\t<img decoding=\"async\" width=\"270\" height=\"383\" src=\"https:\/\/ahmetkaracalar.com\/wp-content\/uploads\/2014\/08\/ikonoplasti.jpg\" class=\"attachment-large size-large wp-image-2559\" alt=\"Lateral Craniofacial Profile\" srcset=\"https:\/\/ahmetkaracalar.com\/wp-content\/uploads\/2014\/08\/ikonoplasti.jpg 270w, https:\/\/ahmetkaracalar.com\/wp-content\/uploads\/2014\/08\/ikonoplasti-211x300.jpg 211w\" sizes=\"(max-width: 270px) 100vw, 270px\" title=\"\">\t\t\t\t\t\t\t\t<\/a>\n\t\t\t\t\t\t\t\t\t\t\t\t\t\t\t<\/div>\n\t\t\t\t\t<\/div>\n\t\t<\/div>\n\t\t\t\t\t<\/div>\n\t\t<\/section>\n\t\t\t\t<section class=\"elementor-section elementor-top-section elementor-element elementor-element-71c379e elementor-section-boxed elementor-section-height-default elementor-section-height-default\" data-id=\"71c379e\" data-element_type=\"section\" data-e-type=\"section\">\n\t\t\t\t\t\t<div class=\"elementor-container elementor-column-gap-default\">\n\t\t\t\t\t<div class=\"elementor-column elementor-col-100 elementor-top-column elementor-element elementor-element-a48f94a\" data-id=\"a48f94a\" data-element_type=\"column\" data-e-type=\"column\">\n\t\t\t<div class=\"elementor-widget-wrap elementor-element-populated\">\n\t\t\t\t\t\t<div class=\"elementor-element elementor-element-7a1c78c elementor-widget elementor-widget-html\" data-id=\"7a1c78c\" data-element_type=\"widget\" data-e-type=\"widget\" data-widget_type=\"html.default\">\n\t\t\t\t\t<style>\n    .comments-template{\n        display: none;\n    }\n<\/style>\t\t\t\t<\/div>\n\t\t\t\t\t<\/div>\n\t\t<\/div>\n\t\t\t\t\t<\/div>\n\t\t<\/section>\n\t\t\t\t<\/div>","protected":false},"excerpt":{"rendered":"","protected":false},"author":4,"featured_media":5142,"parent":0,"menu_order":0,"comment_status":"closed","ping_status":"closed","template":"elementor_header_footer","meta":{"footnotes":""},"class_list":["post-377","page","type-page","status-publish","has-post-thumbnail","hentry"],"_hostinger_reach_plugin_has_subscription_block":false,"_hostinger_reach_plugin_is_elementor":false,"_links":{"self":[{"href":"https:\/\/ahmetkaracalar.com\/es\/wp-json\/wp\/v2\/pages\/377","targetHints":{"allow":["GET"]}}],"collection":[{"href":"https:\/\/ahmetkaracalar.com\/es\/wp-json\/wp\/v2\/pages"}],"about":[{"href":"https:\/\/ahmetkaracalar.com\/es\/wp-json\/wp\/v2\/types\/page"}],"author":[{"embeddable":true,"href":"https:\/\/ahmetkaracalar.com\/es\/wp-json\/wp\/v2\/users\/4"}],"replies":[{"embeddable":true,"href":"https:\/\/ahmetkaracalar.com\/es\/wp-json\/wp\/v2\/comments?post=377"}],"version-history":[{"count":0,"href":"https:\/\/ahmetkaracalar.com\/es\/wp-json\/wp\/v2\/pages\/377\/revisions"}],"wp:featuredmedia":[{"embeddable":true,"href":"https:\/\/ahmetkaracalar.com\/es\/wp-json\/wp\/v2\/media\/5142"}],"wp:attachment":[{"href":"https:\/\/ahmetkaracalar.com\/es\/wp-json\/wp\/v2\/media?parent=377"}],"curies":[{"name":"wp","href":"https:\/\/api.w.org\/{rel}","templated":true}]}}