{"id":74,"date":"2014-08-08T21:08:15","date_gmt":"2014-08-08T18:08:15","guid":{"rendered":"http:\/\/yedek.ahmetkaracalar.com\/?page_id=74"},"modified":"2026-04-17T20:40:53","modified_gmt":"2026-04-17T17:40:53","slug":"contacto","status":"publish","type":"page","link":"https:\/\/ahmetkaracalar.com\/es\/iletisim\/","title":{"rendered":"Contacto y Cita"},"content":{"rendered":"<div data-elementor-type=\"wp-page\" data-elementor-id=\"74\" class=\"elementor elementor-74\" data-elementor-post-type=\"page\">\n\t\t\t\t<div class=\"elementor-element elementor-element-bb9c5a5 e-flex e-con-boxed e-con e-parent\" data-id=\"bb9c5a5\" data-element_type=\"container\" data-e-type=\"container\">\n\t\t\t\t\t<div class=\"e-con-inner\">\n\t\t\t\t<div class=\"elementor-element elementor-element-74ac591 elementor-widget elementor-widget-text-editor\" data-id=\"74ac591\" data-element_type=\"widget\" data-e-type=\"widget\" data-widget_type=\"text-editor.default\">\n\t\t\t\t\t\t\t\t\t<div class=\"basit-html-alani\"><p>\ud83d\udcde Tel\u00e9fono: <strong>0 (530) 293 44 84<\/strong><\/p><p>\ud83d\udcac WhatsApp: <strong><a href=\"https:\/\/wa.me\/905302934484?text=Merhaba,%20randevu%20ve%20tedavi%20hakk\u0131nda%20bilgi%20almak%20istiyorum.\" target=\"_blank\" rel=\"noopener\">Haga clic para enviar un mensaje<\/a><\/strong><\/p><p>\ud83d\udce7 Correo electr\u00f3nico: <strong><a href=\"mailto:drkaracalar@gmail.com\">drkaracalar@gmail.com<\/a><\/strong><\/p><p>\ud83d\udccd Direcci\u00f3n: <strong>Barbaros Mah. Ak Zambak Sok. Varyap Meridian A Blok, Ata\u015fehir \/ ESTAMBUL<\/strong><\/p><p>\u00a0<\/p><h3>Hospitales que puede elegir para la operaci\u00f3n<\/h3><ul><li>Hospital Ac\u0131badem (Ata\u015fehir)<\/li><\/ul><div class=\"vurgu-kutusu\"><h3>Informaci\u00f3n Importante y Pol\u00edtica de Comunicaci\u00f3n<\/h3><ul><li>Para una respuesta r\u00e1pida y comunicaci\u00f3n eficiente, nuestra primera opci\u00f3n es que env\u00ede un mensaje de WhatsApp a nuestra l\u00ednea de asistente. Sus mensajes ser\u00e1n evaluados y se responder\u00e1 lo antes posible.<\/li><li>Puede obtener informaci\u00f3n sobre ex\u00e1menes y citas de lunes a s\u00e1bado de 09:00 a 18:00. Fuera de este horario, por favor cont\u00e1ctenos por correo electr\u00f3nico.<\/li><li>Debido a nuestro programa ocupado y calendario quir\u00fargico en nuestras oficinas en el extranjero, lamentablemente no podemos aceptar todas las solicitudes de cirug\u00eda. Gracias por su comprensi\u00f3n.<\/li><\/ul><\/div><p>\u00a0<\/p><p><iframe style=\"border: 0;\" src=\"https:\/\/www.google.com\/maps\/embed?pb=!1m18!1m12!1m3!1d3011.5123456789!2d29.1005!3d40.9934!2m3!1f0!2f0!3f0!3m2!1i1024!2i768!4f13.1!3m3!1m2!1s0x0%3A0x0!2zNDDCsDU5JzM2LjIiTiAyOcKwMDYnMDEuOCJF!5e0!3m2!1str!2str!4v1234567890\" width=\"100%\" height=\"450\" allowfullscreen=\"allowfullscreen\"><\/iframe><\/p><\/div>\t\t\t\t\t\t\t\t<\/div>\n\t\t\t\t\t<\/div>\n\t\t\t\t<\/div>\n\t\t\t\t<\/div>","protected":false},"excerpt":{"rendered":"<p>\ud83d\udcde Tel\u00e9fono: 0 (530) 293 44 84 \ud83d\udcac WhatsApp: Haga clic para enviar un mensaje \ud83d\udce7 Correo electr\u00f3nico: drkaracalar@gmail.com \ud83d\udccd Direcci\u00f3n: Barbaros Mah. Ak Zambak Sok. Varyap Meridian A Blok, Ata\u015fehir \/ ESTAMBUL Hospitales que puede elegir para la operaci\u00f3n: Hospital Ac\u0131badem (Ata\u015fehir) Informaci\u00f3n importante y pol\u00edtica de comunicaci\u00f3n: Para una respuesta r\u00e1pida y una comunicaci\u00f3n eficiente, enviar un mensaje de WhatsApp a nuestra l\u00ednea de asistencia es nuestra primera preferencia.<\/p>","protected":false},"author":1,"featured_media":0,"parent":0,"menu_order":0,"comment_status":"open","ping_status":"open","template":"","meta":{"footnotes":""},"class_list":["post-74","page","type-page","status-publish","hentry"],"_hostinger_reach_plugin_has_subscription_block":false,"_hostinger_reach_plugin_is_elementor":false,"_links":{"self":[{"href":"https:\/\/ahmetkaracalar.com\/es\/wp-json\/wp\/v2\/pages\/74","targetHints":{"allow":["GET"]}}],"collection":[{"href":"https:\/\/ahmetkaracalar.com\/es\/wp-json\/wp\/v2\/pages"}],"about":[{"href":"https:\/\/ahmetkaracalar.com\/es\/wp-json\/wp\/v2\/types\/page"}],"author":[{"embeddable":true,"href":"https:\/\/ahmetkaracalar.com\/es\/wp-json\/wp\/v2\/users\/1"}],"replies":[{"embeddable":true,"href":"https:\/\/ahmetkaracalar.com\/es\/wp-json\/wp\/v2\/comments?post=74"}],"version-history":[{"count":13,"href":"https:\/\/ahmetkaracalar.com\/es\/wp-json\/wp\/v2\/pages\/74\/revisions"}],"predecessor-version":[{"id":7474,"href":"https:\/\/ahmetkaracalar.com\/es\/wp-json\/wp\/v2\/pages\/74\/revisions\/7474"}],"wp:attachment":[{"href":"https:\/\/ahmetkaracalar.com\/es\/wp-json\/wp\/v2\/media?parent=74"}],"curies":[{"name":"wp","href":"https:\/\/api.w.org\/{rel}","templated":true}]}}