{"id":74,"date":"2014-08-08T21:08:15","date_gmt":"2014-08-08T18:08:15","guid":{"rendered":"http:\/\/yedek.ahmetkaracalar.com\/?page_id=74"},"modified":"2026-04-17T20:40:53","modified_gmt":"2026-04-17T17:40:53","slug":"contact","status":"publish","type":"page","link":"https:\/\/ahmetkaracalar.com\/fr\/iletisim\/","title":{"rendered":"Contact et Rendez-vous"},"content":{"rendered":"<div data-elementor-type=\"wp-page\" data-elementor-id=\"74\" class=\"elementor elementor-74\" data-elementor-post-type=\"page\">\n\t\t\t\t<div class=\"elementor-element elementor-element-bb9c5a5 e-flex e-con-boxed e-con e-parent\" data-id=\"bb9c5a5\" data-element_type=\"container\" data-e-type=\"container\">\n\t\t\t\t\t<div class=\"e-con-inner\">\n\t\t\t\t<div class=\"elementor-element elementor-element-74ac591 elementor-widget elementor-widget-text-editor\" data-id=\"74ac591\" data-element_type=\"widget\" data-e-type=\"widget\" data-widget_type=\"text-editor.default\">\n\t\t\t\t\t\t\t\t\t<div class=\"basit-html-alani\"><p>\ud83d\udcde T\u00e9l\u00e9phone : <strong>0 (530) 293 44 84<\/strong><\/p><p>\ud83d\udcac WhatsApp : <strong><a href=\"https:\/\/wa.me\/905302934484?text=Merhaba,%20randevu%20ve%20tedavi%20hakk\u0131nda%20bilgi%20almak%20istiyorum.\" target=\"_blank\" rel=\"noopener\">Cliquez pour Envoyer un Message<\/a><\/strong><\/p><p>\ud83d\udce7 E-mail : <strong><a href=\"mailto:drkaracalar@gmail.com\">drkaracalar@gmail.com<\/a><\/strong><\/p><p>\ud83d\udccd Adresse : <strong>Barbaros Mah. Ak Zambak Sok. Varyap Meridian A Blok, Ata\u015fehir \/ ISTANBUL<\/strong><\/p><p>\u00a0<\/p><h3>H\u00f4pitaux que vous pouvez choisir pour la chirurgie<\/h3><ul><li>H\u00f4pital Ac\u0131badem (Ata\u015fehir)<\/li><\/ul><div class=\"vurgu-kutusu\"><h3>Politique d'Information Importante et de Communication<\/h3><ul><li>Pour un retour rapide et une communication efficace, notre premi\u00e8re pr\u00e9f\u00e9rence est que vous envoyiez un message WhatsApp \u00e0 notre ligne d'assistance. Vos messages seront \u00e9valu\u00e9s et un retour sera effectu\u00e9 dans les plus brefs d\u00e9lais.<\/li><li>Vous pouvez obtenir des informations sur les examens et les rendez-vous entre 09h00 et 18h00, sauf le dimanche. En dehors de ces heures, veuillez nous contacter par e-mail.<\/li><li>En raison de notre programme charg\u00e9 dans nos bureaux \u00e0 l'\u00e9tranger et de notre calendrier chirurgical, nous ne pouvons malheureusement pas accepter chaque demande d'op\u00e9ration. Merci pour votre compr\u00e9hension.<\/li><\/ul><\/div><p>\u00a0<\/p><p><iframe style=\"border: 0;\" src=\"https:\/\/www.google.com\/maps\/embed?pb=!1m18!1m12!1m3!1d3011.5123456789!2d29.1005!3d40.9934!2m3!1f0!2f0!3f0!3m2!1i1024!2i768!4f13.1!3m3!1m2!1s0x0%3A0x0!2zNDDCsDU5JzM2LjIiTiAyOcKwMDYnMDEuOCJF!5e0!3m2!1str!2str!4v1234567890\" width=\"100%\" height=\"450\" allowfullscreen=\"allowfullscreen\"><\/iframe><\/p><\/div>\t\t\t\t\t\t\t\t<\/div>\n\t\t\t\t\t<\/div>\n\t\t\t\t<\/div>\n\t\t\t\t<\/div>","protected":false},"excerpt":{"rendered":"<p>\ud83d\udcde T\u00e9l\u00e9phone : 0 (530) 293 44 84 \ud83d\udcac WhatsApp : Cliquez pour envoyer un message \ud83d\udce7 Courriel : drkaracalar@gmail.com \ud83d\udccd Adresse : Barbaros Mah. Ak Zambak Sok. Varyap Meridian A Blok, Ata\u015fehir \/ ISTANBUL H\u00f4pitaux o\u00f9 vous pouvez vous faire op\u00e9rer : H\u00f4pital Ac\u0131badem (Ata\u015fehir) Informations importantes et politique de communication : Pour une r\u00e9ponse rapide et une communication efficace, nous vous recommandons de privil\u00e9gier l&#039;envoi d&#039;un message WhatsApp \u00e0 notre ligne d&#039;assistance.<\/p>","protected":false},"author":1,"featured_media":0,"parent":0,"menu_order":0,"comment_status":"open","ping_status":"open","template":"","meta":{"footnotes":""},"class_list":["post-74","page","type-page","status-publish","hentry"],"_hostinger_reach_plugin_has_subscription_block":false,"_hostinger_reach_plugin_is_elementor":false,"_links":{"self":[{"href":"https:\/\/ahmetkaracalar.com\/fr\/wp-json\/wp\/v2\/pages\/74","targetHints":{"allow":["GET"]}}],"collection":[{"href":"https:\/\/ahmetkaracalar.com\/fr\/wp-json\/wp\/v2\/pages"}],"about":[{"href":"https:\/\/ahmetkaracalar.com\/fr\/wp-json\/wp\/v2\/types\/page"}],"author":[{"embeddable":true,"href":"https:\/\/ahmetkaracalar.com\/fr\/wp-json\/wp\/v2\/users\/1"}],"replies":[{"embeddable":true,"href":"https:\/\/ahmetkaracalar.com\/fr\/wp-json\/wp\/v2\/comments?post=74"}],"version-history":[{"count":13,"href":"https:\/\/ahmetkaracalar.com\/fr\/wp-json\/wp\/v2\/pages\/74\/revisions"}],"predecessor-version":[{"id":7474,"href":"https:\/\/ahmetkaracalar.com\/fr\/wp-json\/wp\/v2\/pages\/74\/revisions\/7474"}],"wp:attachment":[{"href":"https:\/\/ahmetkaracalar.com\/fr\/wp-json\/wp\/v2\/media?parent=74"}],"curies":[{"name":"wp","href":"https:\/\/api.w.org\/{rel}","templated":true}]}}